{"id":7,"date":"2025-06-23T11:12:47","date_gmt":"2025-06-23T11:12:47","guid":{"rendered":"http:\/\/peperminta.eu\/index.php\/cart\/"},"modified":"2025-08-07T12:40:49","modified_gmt":"2025-08-07T12:40:49","slug":"cart","status":"publish","type":"page","link":"https:\/\/peperminta.eu\/lt\/cart\/","title":{"rendered":"Ve\u017eim\u0117lis"},"content":{"rendered":"<div data-block-name=\"woocommerce\/cart\" class=\"wp-block-woocommerce-cart alignwide is-loading\">\n<div data-block-name=\"woocommerce\/filled-cart-block\" class=\"wp-block-woocommerce-filled-cart-block\">\n<div data-block-name=\"woocommerce\/cart-items-block\" class=\"wp-block-woocommerce-cart-items-block\">\n<div data-block-name=\"woocommerce\/cart-line-items-block\" class=\"wp-block-woocommerce-cart-line-items-block\"><\/div>\n\n\n\n<div data-block-name=\"woocommerce\/cart-cross-sells-block\" class=\"wp-block-woocommerce-cart-cross-sells-block\">\n<h2 class=\"wp-block-heading has-large-font-size\">You may be interested in\u2026<\/h2>\n\n\n\n<div data-block-name=\"woocommerce\/cart-cross-sells-products-block\" class=\"wp-block-woocommerce-cart-cross-sells-products-block\"><\/div>\n<\/div>\n<\/div>\n\n\n\n<div data-block-name=\"woocommerce\/cart-totals-block\" class=\"wp-block-woocommerce-cart-totals-block\">\n<div data-block-name=\"woocommerce\/cart-order-summary-block\" class=\"wp-block-woocommerce-cart-order-summary-block\">\n<div data-block-name=\"woocommerce\/cart-order-summary-heading-block\" class=\"wp-block-woocommerce-cart-order-summary-heading-block\"><\/div><div data-block-name=\"woocommerce\/cart-order-summary-coupon-form-block\" class=\"wp-block-woocommerce-cart-order-summary-coupon-form-block\"><\/div><div data-block-name=\"woocommerce\/cart-order-summary-totals-block\" class=\"wp-block-woocommerce-cart-order-summary-totals-block\">\n<div data-block-name=\"woocommerce\/cart-order-summary-subtotal-block\" class=\"wp-block-woocommerce-cart-order-summary-subtotal-block\"><\/div>\n<div data-block-name=\"woocommerce\/cart-order-summary-discount-block\" class=\"wp-block-woocommerce-cart-order-summary-discount-block\"><\/div>\n<div data-block-name=\"woocommerce\/cart-order-summary-fee-block\" class=\"wp-block-woocommerce-cart-order-summary-fee-block\"><\/div>\n<div data-block-name=\"woocommerce\/cart-order-summary-shipping-block\" class=\"wp-block-woocommerce-cart-order-summary-shipping-block\"><\/div>\n<div data-block-name=\"woocommerce\/cart-order-summary-taxes-block\" class=\"wp-block-woocommerce-cart-order-summary-taxes-block\"><\/div><\/div>\n<\/div>\n\n\n\n<div data-block-name=\"woocommerce\/cart-express-payment-block\" class=\"wp-block-woocommerce-cart-express-payment-block\"><\/div>\n\n\n\n<div data-block-name=\"woocommerce\/proceed-to-checkout-block\" class=\"wp-block-woocommerce-proceed-to-checkout-block\"><\/div>\n\n\n\n<div data-block-name=\"woocommerce\/cart-accepted-payment-methods-block\" class=\"wp-block-woocommerce-cart-accepted-payment-methods-block\"><\/div>\n<\/div>\n<\/div>\n\n\n\n<div data-block-name=\"woocommerce\/empty-cart-block\" class=\"wp-block-woocommerce-empty-cart-block\">\n<h2 class=\"wp-block-heading has-text-align-center with-empty-cart-icon wc-block-cart__empty-cart__title\">Your cart is currently empty!<\/h2>\n\n\n\n<hr class=\"wp-block-separator has-alpha-channel-opacity is-style-dots\"\/>\n\n\n\n<h2 class=\"wp-block-heading has-text-align-center\">New in store<\/h2>\n\n\n<div data-block-name=\"woocommerce\/product-new\" data-columns=\"4\" data-rows=\"1\" class=\"wc-block-grid wp-block-product-new wp-block-woocommerce-product-new wc-block-product-new has-4-columns\"><ul class=\"wc-block-grid__products\"><li class=\"wc-block-grid__product\">\n\t\t\t\t<a href=\"https:\/\/peperminta.eu\/lt\/shop\/paintings\/afrikietes-portretas\/\" class=\"wc-block-grid__product-link\">\n\t\t\t\t\t\n\t\t\t\t\t<div class=\"wc-block-grid__product-image\"><img loading=\"lazy\" decoding=\"async\" width=\"1001\" height=\"1001\" src=\"https:\/\/peperminta.eu\/wp-content\/uploads\/2026\/03\/MG2112e_main-1001x1001.jpg\" class=\"attachment-woocommerce_thumbnail size-woocommerce_thumbnail\" alt=\"Afrikiet\u0117s portretas\" srcset=\"https:\/\/peperminta.eu\/wp-content\/uploads\/2026\/03\/MG2112e_main-1001x1001.jpg 1001w, https:\/\/peperminta.eu\/wp-content\/uploads\/2026\/03\/MG2112e_main-300x300.jpg 300w, https:\/\/peperminta.eu\/wp-content\/uploads\/2026\/03\/MG2112e_main-1024x1024.jpg 1024w, https:\/\/peperminta.eu\/wp-content\/uploads\/2026\/03\/MG2112e_main-150x150.jpg 150w, https:\/\/peperminta.eu\/wp-content\/uploads\/2026\/03\/MG2112e_main-768x768.jpg 768w, https:\/\/peperminta.eu\/wp-content\/uploads\/2026\/03\/MG2112e_main-1536x1536.jpg 1536w, https:\/\/peperminta.eu\/wp-content\/uploads\/2026\/03\/MG2112e_main-12x12.jpg 12w, https:\/\/peperminta.eu\/wp-content\/uploads\/2026\/03\/MG2112e_main-1000x1000.jpg 1000w, https:\/\/peperminta.eu\/wp-content\/uploads\/2026\/03\/MG2112e_main-100x100.jpg 100w, https:\/\/peperminta.eu\/wp-content\/uploads\/2026\/03\/MG2112e_main.jpg 1600w\" sizes=\"auto, (max-width: 1001px) 100vw, 1001px\" \/><\/div>\n\t\t\t\t\t<div class=\"wc-block-grid__product-title\">Afrikiet\u0117s portretas<\/div>\n\t\t\t\t<\/a>\n\t\t\t\t<div class=\"wc-block-grid__product-price price\"><span class=\"woocommerce-Price-amount amount\">32,00&nbsp;<span class=\"woocommerce-Price-currencySymbol\">&euro;<\/span><\/span><\/div>\n\t\t\t\t\n\t\t\t\t<div class=\"wp-block-button wc-block-grid__product-add-to-cart\"><a href=\"\/lt\/wp-json\/wp\/v2\/pages\/7?add-to-cart=2151\" aria-label=\"Add to cart: \u201cAfrikiet\u0117s portretas\u201d\" data-quantity=\"1\" data-product_id=\"2151\" data-product_sku=\"\" data-price=\"32\" rel=\"nofollow\" class=\"wp-block-button__link  add_to_cart_button ajax_add_to_cart\" data-no-translation=\"\" data-trp-gettext=\"\" data-no-translation-aria-label=\"\">\u012e krep\u0161el\u012f<\/a><\/div>\n\t\t\t<\/li><li class=\"wc-block-grid__product\">\n\t\t\t\t<a href=\"https:\/\/peperminta.eu\/lt\/shop\/paintings\/fragrance-of-dawn\/\" class=\"wc-block-grid__product-link\">\n\t\t\t\t\t\n\t\t\t\t\t<div class=\"wc-block-grid__product-image\"><img loading=\"lazy\" decoding=\"async\" width=\"1001\" height=\"1001\" src=\"https:\/\/peperminta.eu\/wp-content\/uploads\/2025\/10\/MG2526e_main-1001x1001.jpg\" class=\"attachment-woocommerce_thumbnail size-woocommerce_thumbnail\" alt=\"Fragrance of Dawn\" srcset=\"https:\/\/peperminta.eu\/wp-content\/uploads\/2025\/10\/MG2526e_main-1001x1001.jpg 1001w, https:\/\/peperminta.eu\/wp-content\/uploads\/2025\/10\/MG2526e_main-300x300.jpg 300w, https:\/\/peperminta.eu\/wp-content\/uploads\/2025\/10\/MG2526e_main-1024x1024.jpg 1024w, https:\/\/peperminta.eu\/wp-content\/uploads\/2025\/10\/MG2526e_main-150x150.jpg 150w, https:\/\/peperminta.eu\/wp-content\/uploads\/2025\/10\/MG2526e_main-768x768.jpg 768w, https:\/\/peperminta.eu\/wp-content\/uploads\/2025\/10\/MG2526e_main-1536x1536.jpg 1536w, https:\/\/peperminta.eu\/wp-content\/uploads\/2025\/10\/MG2526e_main-12x12.jpg 12w, https:\/\/peperminta.eu\/wp-content\/uploads\/2025\/10\/MG2526e_main-1000x1000.jpg 1000w, https:\/\/peperminta.eu\/wp-content\/uploads\/2025\/10\/MG2526e_main-100x100.jpg 100w, https:\/\/peperminta.eu\/wp-content\/uploads\/2025\/10\/MG2526e_main.jpg 1600w\" sizes=\"auto, (max-width: 1001px) 100vw, 1001px\" \/><\/div>\n\t\t\t\t\t<div class=\"wc-block-grid__product-title\">Fragrance of Dawn<\/div>\n\t\t\t\t<\/a>\n\t\t\t\t<div class=\"wc-block-grid__product-price price\"><span class=\"woocommerce-Price-amount amount\">32,00&nbsp;<span class=\"woocommerce-Price-currencySymbol\">&euro;<\/span><\/span><\/div>\n\t\t\t\t\n\t\t\t\t<div class=\"wp-block-button wc-block-grid__product-add-to-cart\"><a href=\"\/lt\/wp-json\/wp\/v2\/pages\/7?add-to-cart=2134\" aria-label=\"Add to cart: \u201cFragrance of Dawn\u201d\" data-quantity=\"1\" data-product_id=\"2134\" data-product_sku=\"\" data-price=\"32\" rel=\"nofollow\" class=\"wp-block-button__link  add_to_cart_button ajax_add_to_cart\" data-no-translation=\"\" data-trp-gettext=\"\" data-no-translation-aria-label=\"\">\u012e krep\u0161el\u012f<\/a><\/div>\n\t\t\t<\/li><li class=\"wc-block-grid__product\">\n\t\t\t\t<a href=\"https:\/\/peperminta.eu\/lt\/shop\/paintings\/waiting-at-the-pier\/\" class=\"wc-block-grid__product-link\">\n\t\t\t\t\t\n\t\t\t\t\t<div class=\"wc-block-grid__product-image\"><img loading=\"lazy\" decoding=\"async\" width=\"1001\" height=\"1001\" src=\"https:\/\/peperminta.eu\/wp-content\/uploads\/2025\/10\/MG2523e_main-1001x1001.jpg\" class=\"attachment-woocommerce_thumbnail size-woocommerce_thumbnail\" alt=\"Waiting at the Pier\" srcset=\"https:\/\/peperminta.eu\/wp-content\/uploads\/2025\/10\/MG2523e_main-1001x1001.jpg 1001w, https:\/\/peperminta.eu\/wp-content\/uploads\/2025\/10\/MG2523e_main-300x300.jpg 300w, https:\/\/peperminta.eu\/wp-content\/uploads\/2025\/10\/MG2523e_main-1024x1024.jpg 1024w, https:\/\/peperminta.eu\/wp-content\/uploads\/2025\/10\/MG2523e_main-150x150.jpg 150w, https:\/\/peperminta.eu\/wp-content\/uploads\/2025\/10\/MG2523e_main-768x768.jpg 768w, https:\/\/peperminta.eu\/wp-content\/uploads\/2025\/10\/MG2523e_main-1536x1536.jpg 1536w, https:\/\/peperminta.eu\/wp-content\/uploads\/2025\/10\/MG2523e_main-12x12.jpg 12w, https:\/\/peperminta.eu\/wp-content\/uploads\/2025\/10\/MG2523e_main-1000x1000.jpg 1000w, https:\/\/peperminta.eu\/wp-content\/uploads\/2025\/10\/MG2523e_main-100x100.jpg 100w, https:\/\/peperminta.eu\/wp-content\/uploads\/2025\/10\/MG2523e_main.jpg 1600w\" sizes=\"auto, (max-width: 1001px) 100vw, 1001px\" \/><\/div>\n\t\t\t\t\t<div class=\"wc-block-grid__product-title\">Waiting at the Pier<\/div>\n\t\t\t\t<\/a>\n\t\t\t\t<div class=\"wc-block-grid__product-price price\"><span class=\"woocommerce-Price-amount amount\">32,00&nbsp;<span class=\"woocommerce-Price-currencySymbol\">&euro;<\/span><\/span><\/div>\n\t\t\t\t\n\t\t\t\t<div class=\"wp-block-button wc-block-grid__product-add-to-cart\"><a href=\"\/lt\/wp-json\/wp\/v2\/pages\/7?add-to-cart=2132\" aria-label=\"Add to cart: \u201cWaiting at the Pier\u201d\" data-quantity=\"1\" data-product_id=\"2132\" data-product_sku=\"\" data-price=\"32\" rel=\"nofollow\" class=\"wp-block-button__link  add_to_cart_button ajax_add_to_cart\" data-no-translation=\"\" data-trp-gettext=\"\" data-no-translation-aria-label=\"\">\u012e krep\u0161el\u012f<\/a><\/div>\n\t\t\t<\/li><li class=\"wc-block-grid__product\">\n\t\t\t\t<a href=\"https:\/\/peperminta.eu\/lt\/shop\/paintings\/timeless-venice\/\" class=\"wc-block-grid__product-link\">\n\t\t\t\t\t\n\t\t\t\t\t<div class=\"wc-block-grid__product-image\"><img loading=\"lazy\" decoding=\"async\" width=\"1001\" height=\"1001\" src=\"https:\/\/peperminta.eu\/wp-content\/uploads\/2025\/10\/MG2522e_main-1001x1001.jpg\" class=\"attachment-woocommerce_thumbnail size-woocommerce_thumbnail\" alt=\"Timeless Venice\" srcset=\"https:\/\/peperminta.eu\/wp-content\/uploads\/2025\/10\/MG2522e_main-1001x1001.jpg 1001w, https:\/\/peperminta.eu\/wp-content\/uploads\/2025\/10\/MG2522e_main-300x300.jpg 300w, https:\/\/peperminta.eu\/wp-content\/uploads\/2025\/10\/MG2522e_main-1024x1024.jpg 1024w, https:\/\/peperminta.eu\/wp-content\/uploads\/2025\/10\/MG2522e_main-150x150.jpg 150w, https:\/\/peperminta.eu\/wp-content\/uploads\/2025\/10\/MG2522e_main-768x768.jpg 768w, https:\/\/peperminta.eu\/wp-content\/uploads\/2025\/10\/MG2522e_main-1536x1536.jpg 1536w, https:\/\/peperminta.eu\/wp-content\/uploads\/2025\/10\/MG2522e_main-12x12.jpg 12w, https:\/\/peperminta.eu\/wp-content\/uploads\/2025\/10\/MG2522e_main-1000x1000.jpg 1000w, https:\/\/peperminta.eu\/wp-content\/uploads\/2025\/10\/MG2522e_main-100x100.jpg 100w, https:\/\/peperminta.eu\/wp-content\/uploads\/2025\/10\/MG2522e_main.jpg 1600w\" sizes=\"auto, (max-width: 1001px) 100vw, 1001px\" \/><\/div>\n\t\t\t\t\t<div class=\"wc-block-grid__product-title\">Timeless Venice<\/div>\n\t\t\t\t<\/a>\n\t\t\t\t<div class=\"wc-block-grid__product-price price\"><span class=\"woocommerce-Price-amount amount\">32,00&nbsp;<span class=\"woocommerce-Price-currencySymbol\">&euro;<\/span><\/span><\/div>\n\t\t\t\t\n\t\t\t\t<div class=\"wp-block-button wc-block-grid__product-add-to-cart\"><a href=\"\/lt\/wp-json\/wp\/v2\/pages\/7?add-to-cart=2131\" aria-label=\"Add to cart: \u201cTimeless Venice\u201d\" data-quantity=\"1\" data-product_id=\"2131\" data-product_sku=\"\" data-price=\"32\" rel=\"nofollow\" class=\"wp-block-button__link  add_to_cart_button ajax_add_to_cart\" data-no-translation=\"\" data-trp-gettext=\"\" data-no-translation-aria-label=\"\">\u012e krep\u0161el\u012f<\/a><\/div>\n\t\t\t<\/li><\/ul><\/div><\/div>\n<\/div>","protected":false},"excerpt":{"rendered":"","protected":false},"author":1,"featured_media":0,"parent":0,"menu_order":0,"comment_status":"closed","ping_status":"closed","template":"","meta":{"_uag_custom_page_level_css":"","site-sidebar-layout":"default","site-content-layout":"","ast-site-content-layout":"default","site-content-style":"default","site-sidebar-style":"default","ast-global-header-display":"","ast-banner-title-visibility":"","ast-main-header-display":"","ast-hfb-above-header-display":"","ast-hfb-below-header-display":"","ast-hfb-mobile-header-display":"","site-post-title":"","ast-breadcrumbs-content":"","ast-featured-img":"","footer-sml-layout":"","theme-transparent-header-meta":"","adv-header-id-meta":"","stick-header-meta":"","header-above-stick-meta":"","header-main-stick-meta":"","header-below-stick-meta":"","astra-migrate-meta-layouts":"set","ast-page-background-enabled":"default","ast-page-background-meta":{"desktop":{"background-color":"","background-image":"","background-repeat":"repeat","background-position":"center center","background-size":"auto","background-attachment":"scroll","background-type":"","background-media":"","overlay-type":"","overlay-color":"","overlay-opacity":"","overlay-gradient":""},"tablet":{"background-color":"","background-image":"","background-repeat":"repeat","background-position":"center center","background-size":"auto","background-attachment":"scroll","background-type":"","background-media":"","overlay-type":"","overlay-color":"","overlay-opacity":"","overlay-gradient":""},"mobile":{"background-color":"","background-image":"","background-repeat":"repeat","background-position":"center center","background-size":"auto","background-attachment":"scroll","background-type":"","background-media":"","overlay-type":"","overlay-color":"","overlay-opacity":"","overlay-gradient":""}},"ast-content-background-meta":{"desktop":{"background-color":"var(--ast-global-color-5)","background-image":"","background-repeat":"repeat","background-position":"center center","background-size":"auto","background-attachment":"scroll","background-type":"","background-media":"","overlay-type":"","overlay-color":"","overlay-opacity":"","overlay-gradient":""},"tablet":{"background-color":"var(--ast-global-color-5)","background-image":"","background-repeat":"repeat","background-position":"center center","background-size":"auto","background-attachment":"scroll","background-type":"","background-media":"","overlay-type":"","overlay-color":"","overlay-opacity":"","overlay-gradient":""},"mobile":{"background-color":"var(--ast-global-color-5)","background-image":"","background-repeat":"repeat","background-position":"center center","background-size":"auto","background-attachment":"scroll","background-type":"","background-media":"","overlay-type":"","overlay-color":"","overlay-opacity":"","overlay-gradient":""}},"footnotes":""},"class_list":["post-7","page","type-page","status-publish","hentry"],"aioseo_notices":[],"uagb_featured_image_src":{"full":false,"thumbnail":false,"medium":false,"medium_large":false,"large":false,"1536x1536":false,"2048x2048":false,"trp-custom-language-flag":false,"woocommerce_thumbnail":false,"woocommerce_single":false,"woocommerce_gallery_thumbnail":false},"uagb_author_info":{"display_name":"","author_link":"https:\/\/peperminta.eu\/lt\/author\/emarosemaryjamgmail-com\/"},"uagb_comment_info":0,"uagb_excerpt":null,"_links":{"self":[{"href":"https:\/\/peperminta.eu\/lt\/wp-json\/wp\/v2\/pages\/7","targetHints":{"allow":["GET"]}}],"collection":[{"href":"https:\/\/peperminta.eu\/lt\/wp-json\/wp\/v2\/pages"}],"about":[{"href":"https:\/\/peperminta.eu\/lt\/wp-json\/wp\/v2\/types\/page"}],"author":[{"embeddable":true,"href":"https:\/\/peperminta.eu\/lt\/wp-json\/wp\/v2\/users\/1"}],"replies":[{"embeddable":true,"href":"https:\/\/peperminta.eu\/lt\/wp-json\/wp\/v2\/comments?post=7"}],"version-history":[{"count":2,"href":"https:\/\/peperminta.eu\/lt\/wp-json\/wp\/v2\/pages\/7\/revisions"}],"predecessor-version":[{"id":1267,"href":"https:\/\/peperminta.eu\/lt\/wp-json\/wp\/v2\/pages\/7\/revisions\/1267"}],"wp:attachment":[{"href":"https:\/\/peperminta.eu\/lt\/wp-json\/wp\/v2\/media?parent=7"}],"curies":[{"name":"wp","href":"https:\/\/api.w.org\/{rel}","templated":true}]}}