{"id":2151,"date":"2026-03-14T13:05:30","date_gmt":"2026-03-14T13:05:30","guid":{"rendered":"https:\/\/peperminta.eu\/?post_type=product&#038;p=2151"},"modified":"2026-03-15T13:53:20","modified_gmt":"2026-03-15T13:53:20","slug":"afrikietes-portretas","status":"publish","type":"product","link":"https:\/\/peperminta.eu\/lt\/shop\/paintings\/afrikietes-portretas\/","title":{"rendered":"Afrikiet\u0117s portretas"},"content":{"rendered":"<p>Tapyba pagal skai\u010dius i\u0161 TM TSVETNOY \u2013 tai auk\u0161\u010diausios kokyb\u0117s pom\u0117giams ir k\u016brybai skirtas rinkinys, tinkantis suaugusiems ir vaikams.<br \/>\nM\u016bs\u0173 dail\u0117s laboratorijoje apdorojami autoriniai paveiksl\u0173 projektai ir paver\u010diami paveikslais pagal numerius, kuriuos gali atlikti tiek suaugusieji, tiek vaikai. M\u016bs\u0173 dizaineriai parinko tinkan\u010dias spalvas ir lengvai nuda\u017eyti diagramos sritis, kad net pradedantieji gal\u0117t\u0173 atlikti darb\u0105. Neb\u016btina grie\u017etai laikytis nurodym\u0173, norint gauti tikr\u0105 paveiksl\u0105, kuris papuo\u0161 J\u016bs\u0173 nam\u0173 interjer\u0105 ar taps nepamir\u0161tama dovana J\u016bs\u0173 artimiesiems ir draugams.<br \/>\nTM TSVETNOY rinkini\u0173 savyb\u0117s:<br \/>\n&#8211; ant pu\u0161ies r\u0117mas aptempta medvilnin\u0117 drob\u0117 su atspausdinta b\u016bsimo paveikslo spalvine gama. I\u0161 anksto gruntuotos drob\u0117s tempimas galerijoje leid\u017eia pie\u0161ti paveiksl\u0105 kaip tikras menininkas<br \/>\n&#8211; vandens pagrindo akriliniai da\u017eai, greitai d\u017ei\u016bstantys ant paveikslo, bekvapiai, hipoalerginiai ir paruo\u0161ti naudojimui. Tiekiamas vakuuminis, kad i\u0161laikyt\u0173 tinkam\u0105 konsistencij\u0105 ir apsaugot\u0173 nuo i\u0161d\u017ei\u016bvimo.<br \/>\n&#8211; 3 dyd\u017ei\u0173 meno \u0161epe\u010diai su medine rankena ir nailoniniais \u0161ereliais, idealiai tinkantys darbui su akrilu<br \/>\n&#8211; Akrilinis lakas u\u017ebaigtam darbui padengti, pary\u0161kinantis spalvas ir i\u0161saugantis paveiksl\u0105 ilgus de\u0161imtme\u010dius. Lakuot\u0105 paveiksl\u0105 galima nuvalyti nuo dulki\u0173, nebijant j\u012f sugadinti.<br \/>\n&#8211; spalv\u0173 kontrolinis s\u0105ra\u0161as<br \/>\n&#8211; instrukcijos, kaip dirbti su paveikslu su naudingais patarimais<br \/>\n&#8211; sieninis laikiklis<br \/>\nRinkinys supakuotas \u012f tvirt\u0105 dovan\u0173 d\u0117\u017eut\u0119 saugiam transportavimui.<br \/>\nPadaryk savo pasaul\u012f \u0161viesesn\u012f \u2013 TM TSVETNOY!<\/p>","protected":false},"excerpt":{"rendered":"<p>Tapyba pagal skai\u010dius i\u0161 TM TSVETNOY \u2013 tai auk\u0161\u010diausios kokyb\u0117s pom\u0117giams ir k\u016brybai skirtas rinkinys, tinkantis suaugusiems ir vaikams. M\u016bs\u0173 dail\u0117s laboratorijoje apdorojami autoriniai paveiksl\u0173 projektai ir paver\u010diami paveikslais pagal numerius, kuriuos gali atlikti tiek suaugusieji, tiek vaikai. M\u016bs\u0173 dizaineriai parinko tinkan\u010dias spalvas ir lengvai nuda\u017eyti diagramos sritis, kad net pradedantieji gal\u0117t\u0173 atlikti darb\u0105. Neb\u016btina [&hellip;]<\/p>","protected":false},"featured_media":2156,"comment_status":"open","ping_status":"closed","template":"","meta":{"_uag_custom_page_level_css":"","site-sidebar-layout":"default","site-content-layout":"","ast-site-content-layout":"default","site-content-style":"default","site-sidebar-style":"default","ast-global-header-display":"","ast-banner-title-visibility":"","ast-main-header-display":"","ast-hfb-above-header-display":"","ast-hfb-below-header-display":"","ast-hfb-mobile-header-display":"","site-post-title":"","ast-breadcrumbs-content":"","ast-featured-img":"","footer-sml-layout":"","theme-transparent-header-meta":"default","adv-header-id-meta":"","stick-header-meta":"","header-above-stick-meta":"","header-main-stick-meta":"","header-below-stick-meta":"","astra-migrate-meta-layouts":"set","ast-page-background-enabled":"default","ast-page-background-meta":{"desktop":{"background-color":"","background-image":"","background-repeat":"repeat","background-position":"center center","background-size":"auto","background-attachment":"scroll","background-type":"","background-media":"","overlay-type":"","overlay-color":"","overlay-opacity":"","overlay-gradient":""},"tablet":{"background-color":"","background-image":"","background-repeat":"repeat","background-position":"center center","background-size":"auto","background-attachment":"scroll","background-type":"","background-media":"","overlay-type":"","overlay-color":"","overlay-opacity":"","overlay-gradient":""},"mobile":{"background-color":"","background-image":"","background-repeat":"repeat","background-position":"center center","background-size":"auto","background-attachment":"scroll","background-type":"","background-media":"","overlay-type":"","overlay-color":"","overlay-opacity":"","overlay-gradient":""}},"ast-content-background-meta":{"desktop":{"background-color":"var(--ast-global-color-5)","background-image":"","background-repeat":"repeat","background-position":"center center","background-size":"auto","background-attachment":"scroll","background-type":"","background-media":"","overlay-type":"","overlay-color":"","overlay-opacity":"","overlay-gradient":""},"tablet":{"background-color":"var(--ast-global-color-5)","background-image":"","background-repeat":"repeat","background-position":"center center","background-size":"auto","background-attachment":"scroll","background-type":"","background-media":"","overlay-type":"","overlay-color":"","overlay-opacity":"","overlay-gradient":""},"mobile":{"background-color":"var(--ast-global-color-5)","background-image":"","background-repeat":"repeat","background-position":"center center","background-size":"auto","background-attachment":"scroll","background-type":"","background-media":"","overlay-type":"","overlay-color":"","overlay-opacity":"","overlay-gradient":""}}},"product_brand":[],"product_cat":[26],"product_tag":[],"class_list":{"0":"post-2151","1":"product","2":"type-product","3":"status-publish","4":"has-post-thumbnail","6":"product_cat-paintings","7":"desktop-align-center","8":"tablet-align-left","9":"mobile-align-left","11":"first","12":"instock","13":"shipping-taxable","14":"purchasable","15":"product-type-simple","16":"berocket_lgv_grid","17":"berocket_lgv_list_grid"},"aioseo_notices":[],"uagb_featured_image_src":{"full":["https:\/\/peperminta.eu\/wp-content\/uploads\/2026\/03\/MG2112e_main.jpg",1600,1600,false],"thumbnail":["https:\/\/peperminta.eu\/wp-content\/uploads\/2026\/03\/MG2112e_main-150x150.jpg",150,150,true],"medium":["https:\/\/peperminta.eu\/wp-content\/uploads\/2026\/03\/MG2112e_main-300x300.jpg",300,300,true],"medium_large":["https:\/\/peperminta.eu\/wp-content\/uploads\/2026\/03\/MG2112e_main-768x768.jpg",768,768,true],"large":["https:\/\/peperminta.eu\/wp-content\/uploads\/2026\/03\/MG2112e_main-1024x1024.jpg",1024,1024,true],"1536x1536":["https:\/\/peperminta.eu\/wp-content\/uploads\/2026\/03\/MG2112e_main-1536x1536.jpg",1536,1536,true],"2048x2048":["https:\/\/peperminta.eu\/wp-content\/uploads\/2026\/03\/MG2112e_main.jpg",1600,1600,false],"trp-custom-language-flag":["https:\/\/peperminta.eu\/wp-content\/uploads\/2026\/03\/MG2112e_main-12x12.jpg",12,12,true],"woocommerce_thumbnail":["https:\/\/peperminta.eu\/wp-content\/uploads\/2026\/03\/MG2112e_main-1001x1001.jpg",1001,1001,true],"woocommerce_single":["https:\/\/peperminta.eu\/wp-content\/uploads\/2026\/03\/MG2112e_main-1000x1000.jpg",1000,1000,true],"woocommerce_gallery_thumbnail":["https:\/\/peperminta.eu\/wp-content\/uploads\/2026\/03\/MG2112e_main-100x100.jpg",100,100,true]},"uagb_author_info":{"display_name":"","author_link":"https:\/\/peperminta.eu\/lt\/author\/"},"uagb_comment_info":0,"uagb_excerpt":"Tapyba pagal skai\u010dius i\u0161 TM TSVETNOY \u2013 tai auk\u0161\u010diausios kokyb\u0117s pom\u0117giams ir k\u016brybai skirtas rinkinys, tinkantis suaugusiems ir vaikams. M\u016bs\u0173 dail\u0117s laboratorijoje apdorojami autoriniai paveiksl\u0173 projektai ir paver\u010diami paveikslais pagal numerius, kuriuos gali atlikti tiek suaugusieji, tiek vaikai. M\u016bs\u0173 dizaineriai parinko tinkan\u010dias spalvas ir lengvai nuda\u017eyti diagramos sritis, kad net pradedantieji gal\u0117t\u0173 atlikti darb\u0105. Neb\u016btina&hellip;","_links":{"self":[{"href":"https:\/\/peperminta.eu\/lt\/wp-json\/wp\/v2\/product\/2151","targetHints":{"allow":["GET"]}}],"collection":[{"href":"https:\/\/peperminta.eu\/lt\/wp-json\/wp\/v2\/product"}],"about":[{"href":"https:\/\/peperminta.eu\/lt\/wp-json\/wp\/v2\/types\/product"}],"replies":[{"embeddable":true,"href":"https:\/\/peperminta.eu\/lt\/wp-json\/wp\/v2\/comments?post=2151"}],"wp:featuredmedia":[{"embeddable":true,"href":"https:\/\/peperminta.eu\/lt\/wp-json\/wp\/v2\/media\/2156"}],"wp:attachment":[{"href":"https:\/\/peperminta.eu\/lt\/wp-json\/wp\/v2\/media?parent=2151"}],"wp:term":[{"taxonomy":"product_brand","embeddable":true,"href":"https:\/\/peperminta.eu\/lt\/wp-json\/wp\/v2\/product_brand?post=2151"},{"taxonomy":"product_cat","embeddable":true,"href":"https:\/\/peperminta.eu\/lt\/wp-json\/wp\/v2\/product_cat?post=2151"},{"taxonomy":"product_tag","embeddable":true,"href":"https:\/\/peperminta.eu\/lt\/wp-json\/wp\/v2\/product_tag?post=2151"}],"curies":[{"name":"wp","href":"https:\/\/api.w.org\/{rel}","templated":true}]}}